{"id":50,"date":"2018-12-05T14:51:17","date_gmt":"2018-12-05T14:51:17","guid":{"rendered":"https:\/\/www.pau-ulm.de\/?page_id=50"},"modified":"2019-02-25T19:10:33","modified_gmt":"2019-02-25T18:10:33","slug":"geschichte","status":"publish","type":"page","link":"https:\/\/www.pau-ulm.de\/index.php\/geschichte\/","title":{"rendered":"Geschichte"},"content":{"rendered":"\n<p>Die PAU ist das Institut der&nbsp;<a title=\"\" href=\"http:\/\/www.dpv-psa.de\/\" target=\"_parent\" data-original-title=\"\">Deutschen Psychoanalytischen Vereinigung&nbsp;<\/a>(DPV), die ihrerseits Zweig der <a class=\"external-link-new-window\" title=\"\" href=\"http:\/\/www.ipa.org.uk\/\" target=\"_parent\" data-original-title=\"Opens external link in new window\">Internationalen Psychonalytischen Vereinigung (IPA)<\/a> ist. Die IPA, ihre Zweiggesellschaften und Mitglieder in Europa, Nord- und S\u00fcdamerika, Asien, Afrika und Australien bem\u00fchen sich darum, die psychoanalytische Erfahrungen und Erkenntnisse weiter zu entwickeln und in einer modernen Ausbildung zu vermittelt.<\/p>\n\n\n\n<p>Die IPA ist die weltweit bedeutsamste und gr\u00f6\u00dfte wissenschaftliche Vereinigung zur F\u00f6rderung der Psychoanalyse und ihrer Anwendungen in Theorie und Praxis. Sie wurde 1912 von Sigmund Freud als IPV gegr\u00fcndet und umfasst die wesentlichen Str\u00f6mungen, Schulen und Entwicklungen der nun \u00fcber 100j\u00e4hrigen Psychoanalyse.<\/p>\n\n\n\n<p>Einer der \u00e4ltesten Zweige der psychoanalytischen Bewegung war bis zur Vertreibung der Psychoanalyse im Nationalsozialismus die&nbsp;<a title=\"\" href=\"http:\/\/www.dpg-psa.de\/\" target=\"_parent\" data-original-title=\"\">Deutsche Psychoanalytische Gesellschaft<\/a>&nbsp;(DPG). Um nach Nationalsozialismus wieder Anschluss an den internationalen Standard zu finden, wurde 1950 in Berlin zuerst von einer kleinen Gruppe die DPV neu gegr\u00fcndet, die in den folgenden Jahren von emigrierten und andern IPA Kollegen gro\u00dfz\u00fcgig unterst\u00fctzt wurde und schnell wuchs.<br>Mit dem Start der Universit\u00e4t Ulm 1967 und Gr\u00fcndung der Abteilung f\u00fcr Psychotherapie (Prof. Dr. med. H.Thom\u00e4) und des Psychosozialen Zentrums der Universit\u00e4t, wurde auch das sog. Ulmer Institut der DPV, die&nbsp;Psychoanalytische Arbeitsgemeinschaft Ulm (PAU)&nbsp;gegr\u00fcndet. Die&nbsp;PAU war eines der ersten DPV Institute im S\u00fcddeutschland. Prof. Thom\u00e4, der die Uni-Abteilung Psychotherapie bis 1990 leitete, war Gr\u00fcndungsvorsitzender der PAU.<\/p>\n\n\n\n<p>Etwas sp\u00e4ter wurden auch die jetzt gr\u00f6sseren Nachbarinstitute der DPV Stuttgart-T\u00fcbingen und M\u00fcnchen gegr\u00fcndet, mit deren Mitglieder wir im Kontakt stehen.<\/p>\n\n\n\n<p>Viele in andern Orten und international aktiven Psychoanalytiker wurden am Ulmer Institut ausgebildet oder waren hier t\u00e4tig: Prof. Thom\u00e4, Prof. K\u00e4chele, Prof. Henseler, Prof. Radebold, Prof. Ohlmeier, nur um herausragendste zu nennen.&nbsp;Bedeutende regelm\u00e4ssige G\u00e4ste im Lauf der Jahre waren Wolfgang Loch, John Klauber, Merton Gill und Ilse Judas, John Kafka, Robert Emde, Lotte K\u00f6hler und andere mehr.<\/p>\n\n\n\n<p>Die PAU ist aktiv in Austausch: so findet j\u00e4hrlich seit \u00fcber 40 Jahren das psychoanalytische Winterseminar im Februar\/M\u00e4rz. DPV Fr\u00fchjahrstagungen richteten wir 1972, 1978, 1992, 2004 und 2017 aus (50 Jahre PAU).<\/p>\n","protected":false},"excerpt":{"rendered":"<p>Die PAU ist das Institut der&nbsp;Deutschen Psychoanalytischen Vereinigung&nbsp;(DPV), die ihrerseits Zweig der Internationalen Psychonalytischen Vereinigung (IPA) ist. Die IPA, ihre Zweiggesellschaften und Mitglieder in Europa, Nord- und S\u00fcdamerika, Asien, Afrika &hellip; <\/p>\n<p class=\"link-more\"><a href=\"https:\/\/www.pau-ulm.de\/index.php\/geschichte\/\" class=\"more-link\">Continue reading<span class=\"screen-reader-text\"> &#8220;Geschichte&#8221;<\/span><\/a><\/p>\n","protected":false},"author":1,"featured_media":0,"parent":0,"menu_order":0,"comment_status":"closed","ping_status":"closed","template":"","meta":{"footnotes":""},"class_list":["post-50","page","type-page","status-publish","hentry"],"yoast_head":"<!-- This site is optimized with the Yoast SEO plugin v27.3 - https:\/\/yoast.com\/product\/yoast-seo-wordpress\/ -->\n<title>Geschichte - Psychoanalytische Arbeitsgemeinschaft Ulm<\/title>\n<meta name=\"robots\" content=\"index, follow, max-snippet:-1, max-image-preview:large, max-video-preview:-1\" \/>\n<link rel=\"canonical\" href=\"https:\/\/www.pau-ulm.de\/index.php\/geschichte\/\" \/>\n<meta property=\"og:locale\" content=\"en_US\" \/>\n<meta property=\"og:type\" content=\"article\" \/>\n<meta property=\"og:title\" content=\"Geschichte - Psychoanalytische Arbeitsgemeinschaft Ulm\" \/>\n<meta property=\"og:description\" content=\"Die PAU ist das Institut der&nbsp;Deutschen Psychoanalytischen Vereinigung&nbsp;(DPV), die ihrerseits Zweig der Internationalen Psychonalytischen Vereinigung (IPA) ist. Die IPA, ihre Zweiggesellschaften und Mitglieder in Europa, Nord- und S\u00fcdamerika, Asien, Afrika &hellip; Continue reading &quot;Geschichte&quot;\" \/>\n<meta property=\"og:url\" content=\"https:\/\/www.pau-ulm.de\/index.php\/geschichte\/\" \/>\n<meta property=\"og:site_name\" content=\"Psychoanalytische Arbeitsgemeinschaft Ulm\" \/>\n<meta property=\"article:modified_time\" content=\"2019-02-25T18:10:33+00:00\" \/>\n<meta name=\"twitter:card\" content=\"summary_large_image\" \/>\n<meta name=\"twitter:label1\" content=\"Est. reading time\" \/>\n\t<meta name=\"twitter:data1\" content=\"2 minutes\" \/>\n<script type=\"application\/ld+json\" class=\"yoast-schema-graph\">{\"@context\":\"https:\\\/\\\/schema.org\",\"@graph\":[{\"@type\":\"WebPage\",\"@id\":\"https:\\\/\\\/www.pau-ulm.de\\\/index.php\\\/geschichte\\\/\",\"url\":\"https:\\\/\\\/www.pau-ulm.de\\\/index.php\\\/geschichte\\\/\",\"name\":\"Geschichte - Psychoanalytische Arbeitsgemeinschaft Ulm\",\"isPartOf\":{\"@id\":\"https:\\\/\\\/www.pau-ulm.de\\\/#website\"},\"datePublished\":\"2018-12-05T14:51:17+00:00\",\"dateModified\":\"2019-02-25T18:10:33+00:00\",\"breadcrumb\":{\"@id\":\"https:\\\/\\\/www.pau-ulm.de\\\/index.php\\\/geschichte\\\/#breadcrumb\"},\"inLanguage\":\"en-US\",\"potentialAction\":[{\"@type\":\"ReadAction\",\"target\":[\"https:\\\/\\\/www.pau-ulm.de\\\/index.php\\\/geschichte\\\/\"]}]},{\"@type\":\"BreadcrumbList\",\"@id\":\"https:\\\/\\\/www.pau-ulm.de\\\/index.php\\\/geschichte\\\/#breadcrumb\",\"itemListElement\":[{\"@type\":\"ListItem\",\"position\":1,\"name\":\"Home\",\"item\":\"https:\\\/\\\/www.pau-ulm.de\\\/\"},{\"@type\":\"ListItem\",\"position\":2,\"name\":\"Geschichte\"}]},{\"@type\":\"WebSite\",\"@id\":\"https:\\\/\\\/www.pau-ulm.de\\\/#website\",\"url\":\"https:\\\/\\\/www.pau-ulm.de\\\/\",\"name\":\"Psychoanalytische Arbeitsgemeinschaft Ulm\",\"description\":\"\",\"publisher\":{\"@id\":\"https:\\\/\\\/www.pau-ulm.de\\\/#organization\"},\"potentialAction\":[{\"@type\":\"SearchAction\",\"target\":{\"@type\":\"EntryPoint\",\"urlTemplate\":\"https:\\\/\\\/www.pau-ulm.de\\\/?s={search_term_string}\"},\"query-input\":{\"@type\":\"PropertyValueSpecification\",\"valueRequired\":true,\"valueName\":\"search_term_string\"}}],\"inLanguage\":\"en-US\"},{\"@type\":\"Organization\",\"@id\":\"https:\\\/\\\/www.pau-ulm.de\\\/#organization\",\"name\":\"Psychoanalytische Arbeitsgemeinschaft Ulm\",\"url\":\"https:\\\/\\\/www.pau-ulm.de\\\/\",\"logo\":{\"@type\":\"ImageObject\",\"inLanguage\":\"en-US\",\"@id\":\"https:\\\/\\\/www.pau-ulm.de\\\/#\\\/schema\\\/logo\\\/image\\\/\",\"url\":\"https:\\\/\\\/www.pau-ulm.de\\\/wp-content\\\/uploads\\\/cropped-PAU_Logo_inkl_Schriftzug_500px-1.jpg\",\"contentUrl\":\"https:\\\/\\\/www.pau-ulm.de\\\/wp-content\\\/uploads\\\/cropped-PAU_Logo_inkl_Schriftzug_500px-1.jpg\",\"width\":1126,\"height\":250,\"caption\":\"Psychoanalytische Arbeitsgemeinschaft Ulm\"},\"image\":{\"@id\":\"https:\\\/\\\/www.pau-ulm.de\\\/#\\\/schema\\\/logo\\\/image\\\/\"}}]}<\/script>\n<!-- \/ Yoast SEO plugin. -->","yoast_head_json":{"title":"Geschichte - Psychoanalytische Arbeitsgemeinschaft Ulm","robots":{"index":"index","follow":"follow","max-snippet":"max-snippet:-1","max-image-preview":"max-image-preview:large","max-video-preview":"max-video-preview:-1"},"canonical":"https:\/\/www.pau-ulm.de\/index.php\/geschichte\/","og_locale":"en_US","og_type":"article","og_title":"Geschichte - Psychoanalytische Arbeitsgemeinschaft Ulm","og_description":"Die PAU ist das Institut der&nbsp;Deutschen Psychoanalytischen Vereinigung&nbsp;(DPV), die ihrerseits Zweig der Internationalen Psychonalytischen Vereinigung (IPA) ist. Die IPA, ihre Zweiggesellschaften und Mitglieder in Europa, Nord- und S\u00fcdamerika, Asien, Afrika &hellip; Continue reading \"Geschichte\"","og_url":"https:\/\/www.pau-ulm.de\/index.php\/geschichte\/","og_site_name":"Psychoanalytische Arbeitsgemeinschaft Ulm","article_modified_time":"2019-02-25T18:10:33+00:00","twitter_card":"summary_large_image","twitter_misc":{"Est. reading time":"2 minutes"},"schema":{"@context":"https:\/\/schema.org","@graph":[{"@type":"WebPage","@id":"https:\/\/www.pau-ulm.de\/index.php\/geschichte\/","url":"https:\/\/www.pau-ulm.de\/index.php\/geschichte\/","name":"Geschichte - Psychoanalytische Arbeitsgemeinschaft Ulm","isPartOf":{"@id":"https:\/\/www.pau-ulm.de\/#website"},"datePublished":"2018-12-05T14:51:17+00:00","dateModified":"2019-02-25T18:10:33+00:00","breadcrumb":{"@id":"https:\/\/www.pau-ulm.de\/index.php\/geschichte\/#breadcrumb"},"inLanguage":"en-US","potentialAction":[{"@type":"ReadAction","target":["https:\/\/www.pau-ulm.de\/index.php\/geschichte\/"]}]},{"@type":"BreadcrumbList","@id":"https:\/\/www.pau-ulm.de\/index.php\/geschichte\/#breadcrumb","itemListElement":[{"@type":"ListItem","position":1,"name":"Home","item":"https:\/\/www.pau-ulm.de\/"},{"@type":"ListItem","position":2,"name":"Geschichte"}]},{"@type":"WebSite","@id":"https:\/\/www.pau-ulm.de\/#website","url":"https:\/\/www.pau-ulm.de\/","name":"Psychoanalytische Arbeitsgemeinschaft Ulm","description":"","publisher":{"@id":"https:\/\/www.pau-ulm.de\/#organization"},"potentialAction":[{"@type":"SearchAction","target":{"@type":"EntryPoint","urlTemplate":"https:\/\/www.pau-ulm.de\/?s={search_term_string}"},"query-input":{"@type":"PropertyValueSpecification","valueRequired":true,"valueName":"search_term_string"}}],"inLanguage":"en-US"},{"@type":"Organization","@id":"https:\/\/www.pau-ulm.de\/#organization","name":"Psychoanalytische Arbeitsgemeinschaft Ulm","url":"https:\/\/www.pau-ulm.de\/","logo":{"@type":"ImageObject","inLanguage":"en-US","@id":"https:\/\/www.pau-ulm.de\/#\/schema\/logo\/image\/","url":"https:\/\/www.pau-ulm.de\/wp-content\/uploads\/cropped-PAU_Logo_inkl_Schriftzug_500px-1.jpg","contentUrl":"https:\/\/www.pau-ulm.de\/wp-content\/uploads\/cropped-PAU_Logo_inkl_Schriftzug_500px-1.jpg","width":1126,"height":250,"caption":"Psychoanalytische Arbeitsgemeinschaft Ulm"},"image":{"@id":"https:\/\/www.pau-ulm.de\/#\/schema\/logo\/image\/"}}]}},"_links":{"self":[{"href":"https:\/\/www.pau-ulm.de\/index.php\/wp-json\/wp\/v2\/pages\/50","targetHints":{"allow":["GET"]}}],"collection":[{"href":"https:\/\/www.pau-ulm.de\/index.php\/wp-json\/wp\/v2\/pages"}],"about":[{"href":"https:\/\/www.pau-ulm.de\/index.php\/wp-json\/wp\/v2\/types\/page"}],"author":[{"embeddable":true,"href":"https:\/\/www.pau-ulm.de\/index.php\/wp-json\/wp\/v2\/users\/1"}],"replies":[{"embeddable":true,"href":"https:\/\/www.pau-ulm.de\/index.php\/wp-json\/wp\/v2\/comments?post=50"}],"version-history":[{"count":0,"href":"https:\/\/www.pau-ulm.de\/index.php\/wp-json\/wp\/v2\/pages\/50\/revisions"}],"wp:attachment":[{"href":"https:\/\/www.pau-ulm.de\/index.php\/wp-json\/wp\/v2\/media?parent=50"}],"curies":[{"name":"wp","href":"https:\/\/api.w.org\/{rel}","templated":true}]}}